{"id":2,"date":"2026-04-17T09:14:23","date_gmt":"2026-04-17T09:14:23","guid":{"rendered":"https:\/\/kirill1.ptis03.pt\/?page_id=2"},"modified":"2026-04-20T09:53:47","modified_gmt":"2026-04-20T09:53:47","slug":"pagina-exemplo","status":"publish","type":"page","link":"https:\/\/kirill1.ptis03.pt\/?page_id=2","title":{"rendered":"Exemplo de p\u00e1gina"},"content":{"rendered":"<div data-colibri-id=\"2-c65\" class=\"style-408 style-local-2-c65 position-relative\">\n  <!---->\n  <div data-colibri-component=\"section\" data-colibri-id=\"2-c66\" id=\"custom\" class=\"h-section h-section-global-spacing d-flex align-items-lg-center align-items-md-center align-items-center style-417 style-local-2-c66 position-relative\">\n    <!---->\n    <!---->\n    <div class=\"h-section-grid-container h-section-boxed-container\">\n      <!---->\n      <div data-colibri-id=\"2-c67\" class=\"h-row-container gutters-row-lg-2 gutters-row-md-2 gutters-row-0 gutters-row-v-lg-2 gutters-row-v-md-2 gutters-row-v-2 style-418 style-local-2-c67 position-relative\">\n        <!---->\n        <div class=\"h-row justify-content-lg-center justify-content-md-center justify-content-center align-items-lg-stretch align-items-md-stretch align-items-stretch gutters-col-lg-2 gutters-col-md-2 gutters-col-0 gutters-col-v-lg-2 gutters-col-v-md-2 gutters-col-v-2\">\n          <!---->\n          <div class=\"h-column h-column-container d-flex h-col-lg-auto h-col-md-auto h-col-auto style-419-outer style-local-2-c68-outer\">\n            <div data-colibri-id=\"2-c68\" class=\"d-flex h-flex-basis h-column__inner h-px-lg-2 h-px-md-2 h-px-2 v-inner-lg-2 v-inner-md-2 v-inner-2 style-419 style-local-2-c68 position-relative\">\n              <!---->\n              <!---->\n              <div class=\"w-100 h-y-container h-column__content h-column__v-align flex-basis-100 align-self-lg-start align-self-md-start align-self-start\">\n                <!---->\n                <div data-colibri-id=\"2-c69\" class=\"h-global-transition-all h-heading style-431 style-local-2-c69 position-relative h-element\">\n                  <!---->\n                  <div class=\"h-heading__outer style-431 style-local-2-c69\">\n                    <!---->\n                    <!---->\n                    <h2 class=\"\">Supera\u00e7\u00e3o<\/h2>\n                  <\/div>\n                <\/div>\n                <div data-colibri-id=\"2-c70\" class=\"h-text h-text-component style-421 style-local-2-c70 position-relative h-element\">\n                  <!---->\n                  <!---->\n                  <div class=\"\">\n                    <p>Cristiano Ronaldo nasceu a 5 de fevereiro de 1985, na Madeira, numa fam\u00edlia humilde. Cresceu num bairro simples, onde as dificuldades financeiras faziam parte do dia a dia.<\/p>\n                    <p>Desde muito pequeno, Ronaldo mostrou uma paix\u00e3o enorme pelo futebol. Passava horas a jogar na rua com amigos e sonhava em tornar-se um grande jogador. Mesmo sem muitas condi\u00e7\u00f5es, nunca desistiu desse sonho.<\/p>\n                    <p>Ainda em crian\u00e7a, entrou para o Andorinha, onde o seu pai trabalhava. Foi a\u00ed que come\u00e7ou a dar os primeiros passos no futebol organizado.<\/p>\n                    <p>Mais tarde, juntou-se ao Nacional, onde o seu talento come\u00e7ou a chamar a aten\u00e7\u00e3o. Com apenas 12 anos, tomou uma das decis\u00f5es mais dif\u00edceis da sua vida: deixou a fam\u00edlia e mudou-se sozinho para Lisboa para integrar a academia do Sporting\n                      CP.<\/p>\n                    <p>Nos primeiros tempos em Lisboa, enfrentou muitas dificuldades. Sentia saudades da fam\u00edlia e teve de se adaptar a uma nova vida longe de casa. Apesar disso, nunca perdeu o foco no seu objetivo.<\/p>\n                    <p>Durante a juventude, Cristiano Ronaldo enfrentou tamb\u00e9m um problema de sa\u00fade \u2014 uma <strong>taquicardia<\/strong> \u2014 que poderia ter acabado com a sua carreira. Ap\u00f3s uma cirurgia, recuperou rapidamente e voltou aos treinos ainda mais\n                      determinado.<\/p>\n                    <p>Com muito trabalho e dedica\u00e7\u00e3o, come\u00e7ou a destacar-se no Sporting, o que levou \u00e0 sua transfer\u00eancia para o Manchester United, onde se tornou uma estrela mundial. Ao longo da carreira, continuou a evoluir, passando por clubes como o\n                      Real Madrid e a Juventus, enfrentando sempre novos desafios.<\/p>\n                  <\/div>\n                <\/div>\n                <div data-colibri-id=\"2-c71\" class=\"h-global-transition-all h-heading style-430 style-local-2-c71 position-relative h-element\">\n                  <!---->\n                  <div class=\"h-heading__outer style-430 style-local-2-c71\">\n                    <!---->\n                    <!---->\n                    <h2 class=\"\">For\u00e7a e mentalidade<\/h2>\n                  <\/div>\n                <\/div>\n                <div data-colibri-id=\"2-c72\" class=\"h-text h-text-component style-429 style-local-2-c72 position-relative h-element\">\n                  <!---->\n                  <!---->\n                  <div class=\"\">\n                    <p>O que torna Cristiano Ronaldo especial n\u00e3o \u00e9 apenas o talento, mas a sua mentalidade. Ele nunca se acomoda, nunca desiste e est\u00e1 sempre \u00e0 procura de melhorar.<\/p>\n                  <\/div>\n                <\/div>\n              <\/div>\n            <\/div>\n          <\/div>\n          <div class=\"h-column h-column-container d-flex h-col-lg-auto h-col-md-auto h-col-auto style-420-outer style-local-2-c73-outer\">\n            <div data-colibri-id=\"2-c73\" class=\"d-flex h-flex-basis h-column__inner h-px-lg-2 h-px-md-2 h-px-2 v-inner-lg-2 v-inner-md-2 v-inner-2 style-420 style-local-2-c73 position-relative\">\n              <!---->\n              <!---->\n              <div class=\"w-100 h-y-container h-column__content h-column__v-align flex-basis-100 align-self-lg-start align-self-md-start align-self-start\">\n                <!---->\n                <div data-colibri-id=\"2-c74\" class=\"d-block style-422 style-local-2-c74 position-relative h-element\">\n                  <!---->\n                  <div class=\"h-image__frame-container-outer\">\n                    <div class=\"h-image__frame-container\">\n                      <!---->\n                      <!---->\n                      <img loading=\"lazy\" decoding=\"async\" width=\"720\" height=\"1235\" src=\"http:\/\/kirill1.ptis03.pt\/wp-content\/uploads\/2026\/04\/e-o-yamal-q-zoou-o-cr7-limpando-rua-quando-ele-tinha-17-anos-v0-cyexhz4kws6f1.webp\" class=\"wp-image-407 style-422-image style-local-2-c74-image\" alt=\"\" srcset=\"https:\/\/kirill1.ptis03.pt\/wp-content\/uploads\/2026\/04\/e-o-yamal-q-zoou-o-cr7-limpando-rua-quando-ele-tinha-17-anos-v0-cyexhz4kws6f1.webp 720w, https:\/\/kirill1.ptis03.pt\/wp-content\/uploads\/2026\/04\/e-o-yamal-q-zoou-o-cr7-limpando-rua-quando-ele-tinha-17-anos-v0-cyexhz4kws6f1-175x300.webp 175w, https:\/\/kirill1.ptis03.pt\/wp-content\/uploads\/2026\/04\/e-o-yamal-q-zoou-o-cr7-limpando-rua-quando-ele-tinha-17-anos-v0-cyexhz4kws6f1-597x1024.webp 597w, https:\/\/kirill1.ptis03.pt\/wp-content\/uploads\/2026\/04\/e-o-yamal-q-zoou-o-cr7-limpando-rua-quando-ele-tinha-17-anos-v0-cyexhz4kws6f1-630x1080.webp 630w\" sizes=\"(max-width: 720px) 100vw, 720px\" \/>\n                      <div class=\"h-image__frame h-hide-lg h-hide-md h-hide-sm style-422-frameImage style-local-2-c74-frameImage\"><\/div>\n                    <\/div>\n                  <\/div>\n                <\/div>\n              <\/div>\n            <\/div>\n          <\/div>\n        <\/div>\n      <\/div>\n    <\/div>\n  <\/div>\n<\/div>","protected":false},"excerpt":{"rendered":"<p>Supera\u00e7\u00e3o Cristiano Ronaldo nasceu a 5 de fevereiro de 1985, na Madeira, numa [&hellip;]<\/p>\n","protected":false},"author":1,"featured_media":0,"parent":0,"menu_order":0,"comment_status":"closed","ping_status":"open","template":"page-templates\/full-width-page.php","meta":{"saved_in_kubio":false,"_animmysite_disable_animation":false,"footnotes":""},"class_list":["post-2","page","type-page","status-publish","hentry"],"kubio_ai_page_context":{"short_desc":"","purpose":"general"},"_links":{"self":[{"href":"https:\/\/kirill1.ptis03.pt\/index.php?rest_route=\/wp\/v2\/pages\/2","targetHints":{"allow":["GET"]}}],"collection":[{"href":"https:\/\/kirill1.ptis03.pt\/index.php?rest_route=\/wp\/v2\/pages"}],"about":[{"href":"https:\/\/kirill1.ptis03.pt\/index.php?rest_route=\/wp\/v2\/types\/page"}],"author":[{"embeddable":true,"href":"https:\/\/kirill1.ptis03.pt\/index.php?rest_route=\/wp\/v2\/users\/1"}],"replies":[{"embeddable":true,"href":"https:\/\/kirill1.ptis03.pt\/index.php?rest_route=%2Fwp%2Fv2%2Fcomments&post=2"}],"version-history":[{"count":10,"href":"https:\/\/kirill1.ptis03.pt\/index.php?rest_route=\/wp\/v2\/pages\/2\/revisions"}],"predecessor-version":[{"id":502,"href":"https:\/\/kirill1.ptis03.pt\/index.php?rest_route=\/wp\/v2\/pages\/2\/revisions\/502"}],"wp:attachment":[{"href":"https:\/\/kirill1.ptis03.pt\/index.php?rest_route=%2Fwp%2Fv2%2Fmedia&parent=2"}],"curies":[{"name":"wp","href":"https:\/\/api.w.org\/{rel}","templated":true}]}}